{"id":1385,"date":"2020-07-05T19:33:32","date_gmt":"2020-07-05T17:33:32","guid":{"rendered":"https:\/\/terrajasova.sk\/restaurant\/menu\/napojovy-listok\/"},"modified":"2023-01-10T15:20:50","modified_gmt":"2023-01-10T14:20:50","slug":"drink-menu","status":"publish","type":"page","link":"https:\/\/terrajasova.sk\/en\/restaurant\/menu\/drink-menu\/","title":{"rendered":"Drink menu"},"content":{"rendered":"","protected":false},"excerpt":{"rendered":"","protected":false},"author":1,"featured_media":0,"parent":1032,"menu_order":0,"comment_status":"closed","ping_status":"closed","template":"","meta":{"footnotes":""},"yoast_head":"<!-- This site is optimized with the Yoast SEO plugin v21.6 - https:\/\/yoast.com\/wordpress\/plugins\/seo\/ -->\n<title>Drink menu | TERRA - re\u0161taur\u00e1cia<\/title>\n<meta name=\"description\" content=\"N\u00e1pojov\u00fd l\u00edstok re\u0161taur\u00e1cie TERRA V\u00e1m pon\u00faka alkoholick\u00e9. nealkoholick\u00e9, k\u00e1vu i \u010daj. V ponuke n\u00e1jdete i dom\u00e1ce limon\u00e1dy.\" \/>\n<meta name=\"robots\" content=\"index, follow, max-snippet:-1, max-image-preview:large, max-video-preview:-1\" \/>\n<link rel=\"canonical\" href=\"https:\/\/terrajasova.sk\/restauracia\/menu\/napojovy-listok\/\" \/>\n<meta property=\"og:locale\" content=\"en_US\" \/>\n<meta property=\"og:type\" content=\"article\" \/>\n<meta property=\"og:title\" content=\"Drink menu | TERRA - re\u0161taur\u00e1cia\" \/>\n<meta property=\"og:description\" content=\"N\u00e1pojov\u00fd l\u00edstok re\u0161taur\u00e1cie TERRA V\u00e1m pon\u00faka alkoholick\u00e9. nealkoholick\u00e9, k\u00e1vu i \u010daj. V ponuke n\u00e1jdete i dom\u00e1ce limon\u00e1dy.\" \/>\n<meta property=\"og:url\" content=\"https:\/\/terrajasova.sk\/restauracia\/menu\/napojovy-listok\/\" \/>\n<meta property=\"og:site_name\" content=\"TERRA\" \/>\n<meta property=\"article:publisher\" content=\"https:\/\/www.facebook.com\/terrajasova\" \/>\n<meta property=\"article:modified_time\" content=\"2023-01-10T14:20:50+00:00\" \/>\n<meta property=\"og:image\" content=\"https:\/\/terrajasova.sk\/wp-content\/uploads\/2020\/09\/terra-og-image-2.jpg\" \/>\n\t<meta property=\"og:image:width\" content=\"1200\" \/>\n\t<meta property=\"og:image:height\" content=\"630\" \/>\n\t<meta property=\"og:image:type\" content=\"image\/jpeg\" \/>\n<meta name=\"twitter:card\" content=\"summary_large_image\" \/>\n<script type=\"application\/ld+json\" class=\"yoast-schema-graph\">{\"@context\":\"https:\/\/schema.org\",\"@graph\":[{\"@type\":\"WebPage\",\"@id\":\"https:\/\/terrajasova.sk\/restauracia\/menu\/napojovy-listok\/\",\"url\":\"https:\/\/terrajasova.sk\/restauracia\/menu\/napojovy-listok\/\",\"name\":\"Drink menu | TERRA - re\u0161taur\u00e1cia\",\"isPartOf\":{\"@id\":\"\/#website\"},\"datePublished\":\"2020-07-05T17:33:32+00:00\",\"dateModified\":\"2023-01-10T14:20:50+00:00\",\"description\":\"N\u00e1pojov\u00fd l\u00edstok re\u0161taur\u00e1cie TERRA V\u00e1m pon\u00faka alkoholick\u00e9. nealkoholick\u00e9, k\u00e1vu i \u010daj. V ponuke n\u00e1jdete i dom\u00e1ce limon\u00e1dy.\",\"breadcrumb\":{\"@id\":\"https:\/\/terrajasova.sk\/restauracia\/menu\/napojovy-listok\/#breadcrumb\"},\"inLanguage\":\"en-US\",\"potentialAction\":[{\"@type\":\"ReadAction\",\"target\":[\"https:\/\/terrajasova.sk\/restauracia\/menu\/napojovy-listok\/\"]}]},{\"@type\":\"BreadcrumbList\",\"@id\":\"https:\/\/terrajasova.sk\/restauracia\/menu\/napojovy-listok\/#breadcrumb\",\"itemListElement\":[{\"@type\":\"ListItem\",\"position\":1,\"name\":\"Home\",\"item\":\"https:\/\/terrajasova.sk\/\"},{\"@type\":\"ListItem\",\"position\":2,\"name\":\"Restaurant\",\"item\":\"https:\/\/terrajasova.sk\/en\/restaurant\/\"},{\"@type\":\"ListItem\",\"position\":3,\"name\":\"Menu\",\"item\":\"https:\/\/terrajasova.sk\/en\/restaurant\/menu\/\"},{\"@type\":\"ListItem\",\"position\":4,\"name\":\"Drink menu\"}]},{\"@type\":\"WebSite\",\"@id\":\"\/#website\",\"url\":\"\/\",\"name\":\"TERRA\",\"description\":\"Re\u0161taur\u00e1cia \u2022 Ubytovanie \u2022 Agroturistika\",\"publisher\":{\"@id\":\"\/#organization\"},\"potentialAction\":[{\"@type\":\"SearchAction\",\"target\":{\"@type\":\"EntryPoint\",\"urlTemplate\":\"\/?s={search_term_string}\"},\"query-input\":\"required name=search_term_string\"}],\"inLanguage\":\"en-US\"},{\"@type\":\"Organization\",\"@id\":\"\/#organization\",\"name\":\"TERRA\",\"url\":\"\/\",\"logo\":{\"@type\":\"ImageObject\",\"inLanguage\":\"en-US\",\"@id\":\"\/#\/schema\/logo\/image\/\",\"url\":\"https:\/\/terrajasova.sk\/wp-content\/uploads\/2020\/09\/terra-logo-brown.png\",\"contentUrl\":\"https:\/\/terrajasova.sk\/wp-content\/uploads\/2020\/09\/terra-logo-brown.png\",\"width\":573,\"height\":573,\"caption\":\"TERRA\"},\"image\":{\"@id\":\"\/#\/schema\/logo\/image\/\"},\"sameAs\":[\"https:\/\/www.facebook.com\/terrajasova\",\"https:\/\/www.instagram.com\/terrajasova\/\"]}]}<\/script>\n<!-- \/ Yoast SEO plugin. -->","yoast_head_json":{"title":"Drink menu | TERRA - re\u0161taur\u00e1cia","description":"N\u00e1pojov\u00fd l\u00edstok re\u0161taur\u00e1cie TERRA V\u00e1m pon\u00faka alkoholick\u00e9. nealkoholick\u00e9, k\u00e1vu i \u010daj. V ponuke n\u00e1jdete i dom\u00e1ce limon\u00e1dy.","robots":{"index":"index","follow":"follow","max-snippet":"max-snippet:-1","max-image-preview":"max-image-preview:large","max-video-preview":"max-video-preview:-1"},"canonical":"https:\/\/terrajasova.sk\/restauracia\/menu\/napojovy-listok\/","og_locale":"en_US","og_type":"article","og_title":"Drink menu | TERRA - re\u0161taur\u00e1cia","og_description":"N\u00e1pojov\u00fd l\u00edstok re\u0161taur\u00e1cie TERRA V\u00e1m pon\u00faka alkoholick\u00e9. nealkoholick\u00e9, k\u00e1vu i \u010daj. V ponuke n\u00e1jdete i dom\u00e1ce limon\u00e1dy.","og_url":"https:\/\/terrajasova.sk\/restauracia\/menu\/napojovy-listok\/","og_site_name":"TERRA","article_publisher":"https:\/\/www.facebook.com\/terrajasova","article_modified_time":"2023-01-10T14:20:50+00:00","og_image":[{"width":1200,"height":630,"url":"https:\/\/terrajasova.sk\/wp-content\/uploads\/2020\/09\/terra-og-image-2.jpg","type":"image\/jpeg"}],"twitter_card":"summary_large_image","schema":{"@context":"https:\/\/schema.org","@graph":[{"@type":"WebPage","@id":"https:\/\/terrajasova.sk\/restauracia\/menu\/napojovy-listok\/","url":"https:\/\/terrajasova.sk\/restauracia\/menu\/napojovy-listok\/","name":"Drink menu | TERRA - re\u0161taur\u00e1cia","isPartOf":{"@id":"\/#website"},"datePublished":"2020-07-05T17:33:32+00:00","dateModified":"2023-01-10T14:20:50+00:00","description":"N\u00e1pojov\u00fd l\u00edstok re\u0161taur\u00e1cie TERRA V\u00e1m pon\u00faka alkoholick\u00e9. nealkoholick\u00e9, k\u00e1vu i \u010daj. V ponuke n\u00e1jdete i dom\u00e1ce limon\u00e1dy.","breadcrumb":{"@id":"https:\/\/terrajasova.sk\/restauracia\/menu\/napojovy-listok\/#breadcrumb"},"inLanguage":"en-US","potentialAction":[{"@type":"ReadAction","target":["https:\/\/terrajasova.sk\/restauracia\/menu\/napojovy-listok\/"]}]},{"@type":"BreadcrumbList","@id":"https:\/\/terrajasova.sk\/restauracia\/menu\/napojovy-listok\/#breadcrumb","itemListElement":[{"@type":"ListItem","position":1,"name":"Home","item":"https:\/\/terrajasova.sk\/"},{"@type":"ListItem","position":2,"name":"Restaurant","item":"https:\/\/terrajasova.sk\/en\/restaurant\/"},{"@type":"ListItem","position":3,"name":"Menu","item":"https:\/\/terrajasova.sk\/en\/restaurant\/menu\/"},{"@type":"ListItem","position":4,"name":"Drink menu"}]},{"@type":"WebSite","@id":"\/#website","url":"\/","name":"TERRA","description":"Re\u0161taur\u00e1cia \u2022 Ubytovanie \u2022 Agroturistika","publisher":{"@id":"\/#organization"},"potentialAction":[{"@type":"SearchAction","target":{"@type":"EntryPoint","urlTemplate":"\/?s={search_term_string}"},"query-input":"required name=search_term_string"}],"inLanguage":"en-US"},{"@type":"Organization","@id":"\/#organization","name":"TERRA","url":"\/","logo":{"@type":"ImageObject","inLanguage":"en-US","@id":"\/#\/schema\/logo\/image\/","url":"https:\/\/terrajasova.sk\/wp-content\/uploads\/2020\/09\/terra-logo-brown.png","contentUrl":"https:\/\/terrajasova.sk\/wp-content\/uploads\/2020\/09\/terra-logo-brown.png","width":573,"height":573,"caption":"TERRA"},"image":{"@id":"\/#\/schema\/logo\/image\/"},"sameAs":["https:\/\/www.facebook.com\/terrajasova","https:\/\/www.instagram.com\/terrajasova\/"]}]}},"publishpress_future_action":{"enabled":false,"date":"1970-01-01 01:00:00","action":"","terms":[],"taxonomy":"","browser_timezone_offset":0},"_links":{"self":[{"href":"https:\/\/terrajasova.sk\/en\/wp-json\/wp\/v2\/pages\/1385"}],"collection":[{"href":"https:\/\/terrajasova.sk\/en\/wp-json\/wp\/v2\/pages"}],"about":[{"href":"https:\/\/terrajasova.sk\/en\/wp-json\/wp\/v2\/types\/page"}],"author":[{"embeddable":true,"href":"https:\/\/terrajasova.sk\/en\/wp-json\/wp\/v2\/users\/1"}],"replies":[{"embeddable":true,"href":"https:\/\/terrajasova.sk\/en\/wp-json\/wp\/v2\/comments?post=1385"}],"version-history":[{"count":1,"href":"https:\/\/terrajasova.sk\/en\/wp-json\/wp\/v2\/pages\/1385\/revisions"}],"predecessor-version":[{"id":1386,"href":"https:\/\/terrajasova.sk\/en\/wp-json\/wp\/v2\/pages\/1385\/revisions\/1386"}],"up":[{"embeddable":true,"href":"https:\/\/terrajasova.sk\/en\/wp-json\/wp\/v2\/pages\/1032"}],"wp:attachment":[{"href":"https:\/\/terrajasova.sk\/en\/wp-json\/wp\/v2\/media?parent=1385"}],"curies":[{"name":"wp","href":"https:\/\/api.w.org\/{rel}","templated":true}]}}