{"id":1069,"date":"2020-05-05T14:00:36","date_gmt":"2020-05-05T12:00:36","guid":{"rendered":"https:\/\/terrajasova.sk\/restaurant\/rezervacia\/"},"modified":"2023-12-18T11:05:26","modified_gmt":"2023-12-18T10:05:26","slug":"reservation","status":"publish","type":"page","link":"https:\/\/terrajasova.sk\/en\/restaurant\/reservation\/","title":{"rendered":"Reservation"},"content":{"rendered":"","protected":false},"excerpt":{"rendered":"","protected":false},"author":1,"featured_media":0,"parent":1023,"menu_order":0,"comment_status":"closed","ping_status":"closed","template":"","meta":{"footnotes":""},"yoast_head":"<!-- This site is optimized with the Yoast SEO plugin v21.6 - https:\/\/yoast.com\/wordpress\/plugins\/seo\/ -->\n<title>Reservation | TERRA re\u0161taur\u00e1cia<\/title>\n<meta name=\"description\" content=\"Rezervujte si u n\u00e1s st\u00f4l, alebo cel\u00fa miestnos\u0165 pre seba a Va\u0161ich prite\u013eov. N\u00e1\u0161 profesion\u00e1lny person\u00e1l zabezpe\u010d\u00ed v\u0161etko ostatn\u00e9.\" \/>\n<meta name=\"robots\" content=\"index, follow, max-snippet:-1, max-image-preview:large, max-video-preview:-1\" \/>\n<link rel=\"canonical\" href=\"https:\/\/terrajasova.sk\/en\/restaurant\/reservation\/\" \/>\n<meta property=\"og:locale\" content=\"en_US\" \/>\n<meta property=\"og:type\" content=\"article\" \/>\n<meta property=\"og:title\" content=\"Reservation | TERRA re\u0161taur\u00e1cia\" \/>\n<meta property=\"og:description\" content=\"Rezervujte si u n\u00e1s st\u00f4l, alebo cel\u00fa miestnos\u0165 pre seba a Va\u0161ich prite\u013eov. N\u00e1\u0161 profesion\u00e1lny person\u00e1l zabezpe\u010d\u00ed v\u0161etko ostatn\u00e9.\" \/>\n<meta property=\"og:url\" content=\"https:\/\/terrajasova.sk\/en\/restaurant\/reservation\/\" \/>\n<meta property=\"og:site_name\" content=\"TERRA\" \/>\n<meta property=\"article:publisher\" content=\"https:\/\/www.facebook.com\/terrajasova\" \/>\n<meta property=\"article:modified_time\" content=\"2023-12-18T10:05:26+00:00\" \/>\n<meta property=\"og:image\" content=\"https:\/\/terrajasova.sk\/wp-content\/uploads\/2020\/09\/terra-og-image-2.jpg\" \/>\n\t<meta property=\"og:image:width\" content=\"1200\" \/>\n\t<meta property=\"og:image:height\" content=\"630\" \/>\n\t<meta property=\"og:image:type\" content=\"image\/jpeg\" \/>\n<meta name=\"twitter:card\" content=\"summary_large_image\" \/>\n<script type=\"application\/ld+json\" class=\"yoast-schema-graph\">{\"@context\":\"https:\/\/schema.org\",\"@graph\":[{\"@type\":\"WebPage\",\"@id\":\"https:\/\/terrajasova.sk\/en\/restaurant\/reservation\/\",\"url\":\"https:\/\/terrajasova.sk\/en\/restaurant\/reservation\/\",\"name\":\"Reservation | TERRA re\u0161taur\u00e1cia\",\"isPartOf\":{\"@id\":\"\/#website\"},\"datePublished\":\"2020-05-05T12:00:36+00:00\",\"dateModified\":\"2023-12-18T10:05:26+00:00\",\"description\":\"Rezervujte si u n\u00e1s st\u00f4l, alebo cel\u00fa miestnos\u0165 pre seba a Va\u0161ich prite\u013eov. N\u00e1\u0161 profesion\u00e1lny person\u00e1l zabezpe\u010d\u00ed v\u0161etko ostatn\u00e9.\",\"breadcrumb\":{\"@id\":\"https:\/\/terrajasova.sk\/en\/restaurant\/reservation\/#breadcrumb\"},\"inLanguage\":\"en-US\",\"potentialAction\":[{\"@type\":\"ReadAction\",\"target\":[\"https:\/\/terrajasova.sk\/en\/restaurant\/reservation\/\"]}]},{\"@type\":\"BreadcrumbList\",\"@id\":\"https:\/\/terrajasova.sk\/en\/restaurant\/reservation\/#breadcrumb\",\"itemListElement\":[{\"@type\":\"ListItem\",\"position\":1,\"name\":\"Home\",\"item\":\"https:\/\/terrajasova.sk\/\"},{\"@type\":\"ListItem\",\"position\":2,\"name\":\"Restaurant\",\"item\":\"https:\/\/terrajasova.sk\/en\/restaurant\/\"},{\"@type\":\"ListItem\",\"position\":3,\"name\":\"Reservation\"}]},{\"@type\":\"WebSite\",\"@id\":\"\/#website\",\"url\":\"\/\",\"name\":\"TERRA\",\"description\":\"Re\u0161taur\u00e1cia \u2022 Ubytovanie \u2022 Agroturistika\",\"publisher\":{\"@id\":\"\/#organization\"},\"potentialAction\":[{\"@type\":\"SearchAction\",\"target\":{\"@type\":\"EntryPoint\",\"urlTemplate\":\"\/?s={search_term_string}\"},\"query-input\":\"required name=search_term_string\"}],\"inLanguage\":\"en-US\"},{\"@type\":\"Organization\",\"@id\":\"\/#organization\",\"name\":\"TERRA\",\"url\":\"\/\",\"logo\":{\"@type\":\"ImageObject\",\"inLanguage\":\"en-US\",\"@id\":\"\/#\/schema\/logo\/image\/\",\"url\":\"https:\/\/terrajasova.sk\/wp-content\/uploads\/2020\/09\/terra-logo-brown.png\",\"contentUrl\":\"https:\/\/terrajasova.sk\/wp-content\/uploads\/2020\/09\/terra-logo-brown.png\",\"width\":573,\"height\":573,\"caption\":\"TERRA\"},\"image\":{\"@id\":\"\/#\/schema\/logo\/image\/\"},\"sameAs\":[\"https:\/\/www.facebook.com\/terrajasova\",\"https:\/\/www.instagram.com\/terrajasova\/\"]}]}<\/script>\n<!-- \/ Yoast SEO plugin. -->","yoast_head_json":{"title":"Reservation | TERRA re\u0161taur\u00e1cia","description":"Rezervujte si u n\u00e1s st\u00f4l, alebo cel\u00fa miestnos\u0165 pre seba a Va\u0161ich prite\u013eov. N\u00e1\u0161 profesion\u00e1lny person\u00e1l zabezpe\u010d\u00ed v\u0161etko ostatn\u00e9.","robots":{"index":"index","follow":"follow","max-snippet":"max-snippet:-1","max-image-preview":"max-image-preview:large","max-video-preview":"max-video-preview:-1"},"canonical":"https:\/\/terrajasova.sk\/en\/restaurant\/reservation\/","og_locale":"en_US","og_type":"article","og_title":"Reservation | TERRA re\u0161taur\u00e1cia","og_description":"Rezervujte si u n\u00e1s st\u00f4l, alebo cel\u00fa miestnos\u0165 pre seba a Va\u0161ich prite\u013eov. N\u00e1\u0161 profesion\u00e1lny person\u00e1l zabezpe\u010d\u00ed v\u0161etko ostatn\u00e9.","og_url":"https:\/\/terrajasova.sk\/en\/restaurant\/reservation\/","og_site_name":"TERRA","article_publisher":"https:\/\/www.facebook.com\/terrajasova","article_modified_time":"2023-12-18T10:05:26+00:00","og_image":[{"width":1200,"height":630,"url":"https:\/\/terrajasova.sk\/wp-content\/uploads\/2020\/09\/terra-og-image-2.jpg","type":"image\/jpeg"}],"twitter_card":"summary_large_image","schema":{"@context":"https:\/\/schema.org","@graph":[{"@type":"WebPage","@id":"https:\/\/terrajasova.sk\/en\/restaurant\/reservation\/","url":"https:\/\/terrajasova.sk\/en\/restaurant\/reservation\/","name":"Reservation | TERRA re\u0161taur\u00e1cia","isPartOf":{"@id":"\/#website"},"datePublished":"2020-05-05T12:00:36+00:00","dateModified":"2023-12-18T10:05:26+00:00","description":"Rezervujte si u n\u00e1s st\u00f4l, alebo cel\u00fa miestnos\u0165 pre seba a Va\u0161ich prite\u013eov. N\u00e1\u0161 profesion\u00e1lny person\u00e1l zabezpe\u010d\u00ed v\u0161etko ostatn\u00e9.","breadcrumb":{"@id":"https:\/\/terrajasova.sk\/en\/restaurant\/reservation\/#breadcrumb"},"inLanguage":"en-US","potentialAction":[{"@type":"ReadAction","target":["https:\/\/terrajasova.sk\/en\/restaurant\/reservation\/"]}]},{"@type":"BreadcrumbList","@id":"https:\/\/terrajasova.sk\/en\/restaurant\/reservation\/#breadcrumb","itemListElement":[{"@type":"ListItem","position":1,"name":"Home","item":"https:\/\/terrajasova.sk\/"},{"@type":"ListItem","position":2,"name":"Restaurant","item":"https:\/\/terrajasova.sk\/en\/restaurant\/"},{"@type":"ListItem","position":3,"name":"Reservation"}]},{"@type":"WebSite","@id":"\/#website","url":"\/","name":"TERRA","description":"Re\u0161taur\u00e1cia \u2022 Ubytovanie \u2022 Agroturistika","publisher":{"@id":"\/#organization"},"potentialAction":[{"@type":"SearchAction","target":{"@type":"EntryPoint","urlTemplate":"\/?s={search_term_string}"},"query-input":"required name=search_term_string"}],"inLanguage":"en-US"},{"@type":"Organization","@id":"\/#organization","name":"TERRA","url":"\/","logo":{"@type":"ImageObject","inLanguage":"en-US","@id":"\/#\/schema\/logo\/image\/","url":"https:\/\/terrajasova.sk\/wp-content\/uploads\/2020\/09\/terra-logo-brown.png","contentUrl":"https:\/\/terrajasova.sk\/wp-content\/uploads\/2020\/09\/terra-logo-brown.png","width":573,"height":573,"caption":"TERRA"},"image":{"@id":"\/#\/schema\/logo\/image\/"},"sameAs":["https:\/\/www.facebook.com\/terrajasova","https:\/\/www.instagram.com\/terrajasova\/"]}]}},"publishpress_future_action":{"enabled":false,"date":"1970-01-01 01:00:00","action":"","terms":[],"taxonomy":"","browser_timezone_offset":0},"_links":{"self":[{"href":"https:\/\/terrajasova.sk\/en\/wp-json\/wp\/v2\/pages\/1069"}],"collection":[{"href":"https:\/\/terrajasova.sk\/en\/wp-json\/wp\/v2\/pages"}],"about":[{"href":"https:\/\/terrajasova.sk\/en\/wp-json\/wp\/v2\/types\/page"}],"author":[{"embeddable":true,"href":"https:\/\/terrajasova.sk\/en\/wp-json\/wp\/v2\/users\/1"}],"replies":[{"embeddable":true,"href":"https:\/\/terrajasova.sk\/en\/wp-json\/wp\/v2\/comments?post=1069"}],"version-history":[{"count":1,"href":"https:\/\/terrajasova.sk\/en\/wp-json\/wp\/v2\/pages\/1069\/revisions"}],"predecessor-version":[{"id":1072,"href":"https:\/\/terrajasova.sk\/en\/wp-json\/wp\/v2\/pages\/1069\/revisions\/1072"}],"up":[{"embeddable":true,"href":"https:\/\/terrajasova.sk\/en\/wp-json\/wp\/v2\/pages\/1023"}],"wp:attachment":[{"href":"https:\/\/terrajasova.sk\/en\/wp-json\/wp\/v2\/media?parent=1069"}],"curies":[{"name":"wp","href":"https:\/\/api.w.org\/{rel}","templated":true}]}}